{"id":99,"date":"2022-02-24T18:08:45","date_gmt":"2022-02-24T18:08:45","guid":{"rendered":"https:\/\/lacima.edu.mx\/?page_id=99"},"modified":"2022-02-24T18:08:46","modified_gmt":"2022-02-24T18:08:46","slug":"acerca-de-nosotros","status":"publish","type":"page","link":"https:\/\/lacima.edu.mx\/?page_id=99","title":{"rendered":"Acerca de nosotros"},"content":{"rendered":"\t\t<div data-elementor-type=\"wp-page\" data-elementor-id=\"99\" class=\"elementor elementor-99\" data-elementor-settings=\"[]\">\n\t\t\t\t\t\t\t<div class=\"elementor-section-wrap\">\n\t\t\t\t\t\t\t<section class=\"elementor-section elementor-top-section elementor-element elementor-element-33d04ac elementor-section-boxed elementor-section-height-default elementor-section-height-default\" data-id=\"33d04ac\" data-element_type=\"section\">\n\t\t\t\t\t\t<div class=\"elementor-container elementor-column-gap-default\">\n\t\t\t\t\t<div class=\"elementor-column elementor-col-100 elementor-top-column elementor-element elementor-element-a8586c7\" data-id=\"a8586c7\" data-element_type=\"column\">\n\t\t\t<div class=\"elementor-widget-wrap elementor-element-populated\">\n\t\t\t\t\t\t\t\t<div class=\"elementor-element elementor-element-8edc041 elementor-widget elementor-widget-heading\" data-id=\"8edc041\" data-element_type=\"widget\" data-widget_type=\"heading.default\">\n\t\t\t\t<div class=\"elementor-widget-container\">\n\t\t\t<style>\/*! elementor - v3.5.5 - 03-02-2022 *\/\n.elementor-heading-title{padding:0;margin:0;line-height:1}.elementor-widget-heading .elementor-heading-title[class*=elementor-size-]>a{color:inherit;font-size:inherit;line-height:inherit}.elementor-widget-heading .elementor-heading-title.elementor-size-small{font-size:15px}.elementor-widget-heading .elementor-heading-title.elementor-size-medium{font-size:19px}.elementor-widget-heading .elementor-heading-title.elementor-size-large{font-size:29px}.elementor-widget-heading .elementor-heading-title.elementor-size-xl{font-size:39px}.elementor-widget-heading .elementor-heading-title.elementor-size-xxl{font-size:59px}<\/style><h2 class=\"elementor-heading-title elementor-size-default\">Acerca de nosotros<\/h2>\t\t<\/div>\n\t\t\t\t<\/div>\n\t\t\t\t<div class=\"elementor-element elementor-element-4c721fa elementor-widget elementor-widget-image\" data-id=\"4c721fa\" data-element_type=\"widget\" data-widget_type=\"image.default\">\n\t\t\t\t<div class=\"elementor-widget-container\">\n\t\t\t<style>\/*! elementor - v3.5.5 - 03-02-2022 *\/\n.elementor-widget-image{text-align:center}.elementor-widget-image a{display:inline-block}.elementor-widget-image a img[src$=\".svg\"]{width:48px}.elementor-widget-image img{vertical-align:middle;display:inline-block}<\/style>\t\t\t\t\t\t\t\t\t\t\t\t<img width=\"1024\" height=\"538\" src=\"https:\/\/lacima.edu.mx\/wp-content\/uploads\/2022\/02\/la-cima-ulinea-1024x538.png\" class=\"attachment-large size-large\" alt=\"\" loading=\"lazy\" srcset=\"https:\/\/lacima.edu.mx\/wp-content\/uploads\/2022\/02\/la-cima-ulinea-1024x538.png 1024w, https:\/\/lacima.edu.mx\/wp-content\/uploads\/2022\/02\/la-cima-ulinea-300x158.png 300w, https:\/\/lacima.edu.mx\/wp-content\/uploads\/2022\/02\/la-cima-ulinea-768x403.png 768w, https:\/\/lacima.edu.mx\/wp-content\/uploads\/2022\/02\/la-cima-ulinea.png 1200w\" sizes=\"(max-width: 1024px) 100vw, 1024px\" \/>\t\t\t\t\t\t\t\t\t\t\t\t\t\t\t<\/div>\n\t\t\t\t<\/div>\n\t\t\t\t<div class=\"elementor-element elementor-element-8b8d1c6 elementor-widget elementor-widget-spacer\" data-id=\"8b8d1c6\" data-element_type=\"widget\" data-widget_type=\"spacer.default\">\n\t\t\t\t<div class=\"elementor-widget-container\">\n\t\t\t\t\t<div class=\"elementor-spacer\">\n\t\t\t<div class=\"elementor-spacer-inner\"><\/div>\n\t\t<\/div>\n\t\t\t\t<\/div>\n\t\t\t\t<\/div>\n\t\t\t\t\t<\/div>\n\t\t<\/div>\n\t\t\t\t\t\t\t<\/div>\n\t\t<\/section>\n\t\t\t\t<section class=\"elementor-section elementor-top-section elementor-element elementor-element-d1587c1 elementor-section-boxed elementor-section-height-default elementor-section-height-default\" data-id=\"d1587c1\" data-element_type=\"section\">\n\t\t\t\t\t\t<div class=\"elementor-container elementor-column-gap-default\">\n\t\t\t\t\t<div class=\"elementor-column elementor-col-100 elementor-top-column elementor-element elementor-element-5ea7bf5\" data-id=\"5ea7bf5\" data-element_type=\"column\">\n\t\t\t<div class=\"elementor-widget-wrap elementor-element-populated\">\n\t\t\t\t\t\t\t\t<div class=\"elementor-element elementor-element-fa9976e elementor-widget elementor-widget-text-editor\" data-id=\"fa9976e\" data-element_type=\"widget\" data-widget_type=\"text-editor.default\">\n\t\t\t\t<div class=\"elementor-widget-container\">\n\t\t\t<style>\/*! elementor - v3.5.5 - 03-02-2022 *\/\n.elementor-widget-text-editor.elementor-drop-cap-view-stacked .elementor-drop-cap{background-color:#818a91;color:#fff}.elementor-widget-text-editor.elementor-drop-cap-view-framed .elementor-drop-cap{color:#818a91;border:3px solid;background-color:transparent}.elementor-widget-text-editor:not(.elementor-drop-cap-view-default) .elementor-drop-cap{margin-top:8px}.elementor-widget-text-editor:not(.elementor-drop-cap-view-default) .elementor-drop-cap-letter{width:1em;height:1em}.elementor-widget-text-editor .elementor-drop-cap{float:left;text-align:center;line-height:1;font-size:50px}.elementor-widget-text-editor .elementor-drop-cap-letter{display:inline-block}<\/style>\t\t\t\t<p><strong>Universidad La Cima U-L\u00cdNEA<\/strong> es una Instituci\u00f3n de Educaci\u00f3n Superior de Nueva Generaci\u00f3n, fuertemente cimentada en las Tecnolog\u00edas de la Informaci\u00f3n, herramientas de Comunicaciones y las Teor\u00edas Educativas Constructivistas, que propicia un ambiente de aprendizaje innovador y personalizado.<br>Con m\u00e1s de 30 a\u00f1os en el medio educativo llevamos a distintos estados un nuevo concepto global en el que se ofertan 7 licenciaturas, 1 especialidad, 4 maestr\u00edas y 1 doctorado 100% en l\u00ednea, para responder a las necesidades de los futuros profesionistas, as\u00ed como al entorno social que impera en nuestros d\u00edas.<\/p>\t\t\t\t\t\t<\/div>\n\t\t\t\t<\/div>\n\t\t\t\t\t<\/div>\n\t\t<\/div>\n\t\t\t\t\t\t\t<\/div>\n\t\t<\/section>\n\t\t\t\t<section class=\"elementor-section elementor-top-section elementor-element elementor-element-ab0817b elementor-section-boxed elementor-section-height-default elementor-section-height-default\" data-id=\"ab0817b\" data-element_type=\"section\">\n\t\t\t\t\t\t<div class=\"elementor-container elementor-column-gap-default\">\n\t\t\t\t\t<div class=\"elementor-column elementor-col-33 elementor-top-column elementor-element elementor-element-8f94a35\" data-id=\"8f94a35\" data-element_type=\"column\">\n\t\t\t<div class=\"elementor-widget-wrap elementor-element-populated\">\n\t\t\t\t\t\t\t\t<div class=\"elementor-element elementor-element-3789b32 elementor-widget elementor-widget-heading\" data-id=\"3789b32\" data-element_type=\"widget\" data-widget_type=\"heading.default\">\n\t\t\t\t<div class=\"elementor-widget-container\">\n\t\t\t<h2 class=\"elementor-heading-title elementor-size-default\">Misi\u00f3n<\/h2>\t\t<\/div>\n\t\t\t\t<\/div>\n\t\t\t\t<div class=\"elementor-element elementor-element-b2e680d elementor-widget elementor-widget-text-editor\" data-id=\"b2e680d\" data-element_type=\"widget\" data-widget_type=\"text-editor.default\">\n\t\t\t\t<div class=\"elementor-widget-container\">\n\t\t\t\t\t\t\t<p>Ser una Instituci\u00f3n Educativa multidisciplinaria que ofrece servicios educativos de nivel superior, as\u00ed como posgrados en estricto apego a los m\u00e1s altos est\u00e1ndares de calidad, colocando como proceso central la ense\u00f1anza y el aprendizaje potencializando el desarrollo humano de nuestros educandos, para tener como resultado seres independientes, comprometidos, con actitud positiva, responsabilidad y en aprendizaje permanente; conscientes de su hacer y qu\u00e9 hacer con la identificaci\u00f3n de las necesidades sociales actuales.<\/p>\t\t\t\t\t\t<\/div>\n\t\t\t\t<\/div>\n\t\t\t\t\t<\/div>\n\t\t<\/div>\n\t\t\t\t<div class=\"elementor-column elementor-col-33 elementor-top-column elementor-element elementor-element-55f9b4e\" data-id=\"55f9b4e\" data-element_type=\"column\">\n\t\t\t<div class=\"elementor-widget-wrap elementor-element-populated\">\n\t\t\t\t\t\t\t\t<div class=\"elementor-element elementor-element-9122df3 elementor-widget elementor-widget-heading\" data-id=\"9122df3\" data-element_type=\"widget\" data-widget_type=\"heading.default\">\n\t\t\t\t<div class=\"elementor-widget-container\">\n\t\t\t<h2 class=\"elementor-heading-title elementor-size-default\">Visi\u00f3n<\/h2>\t\t<\/div>\n\t\t\t\t<\/div>\n\t\t\t\t<div class=\"elementor-element elementor-element-721368b elementor-widget elementor-widget-text-editor\" data-id=\"721368b\" data-element_type=\"widget\" data-widget_type=\"text-editor.default\">\n\t\t\t\t<div class=\"elementor-widget-container\">\n\t\t\t\t\t\t\t<p>Posicionarnos como una Instituci\u00f3n Educativa con valores \u00e9ticos y profesionales, reconocida por la calidad educativa de nuestros egresados, con habilidades de pensamiento cr\u00edtico, creativo, innovador y emprendedor, basado en un enfoque constructivista.<\/p>\t\t\t\t\t\t<\/div>\n\t\t\t\t<\/div>\n\t\t\t\t\t<\/div>\n\t\t<\/div>\n\t\t\t\t<div class=\"elementor-column elementor-col-33 elementor-top-column elementor-element elementor-element-b267cad\" data-id=\"b267cad\" data-element_type=\"column\">\n\t\t\t<div class=\"elementor-widget-wrap elementor-element-populated\">\n\t\t\t\t\t\t\t\t<div class=\"elementor-element elementor-element-d083045 elementor-widget elementor-widget-heading\" data-id=\"d083045\" data-element_type=\"widget\" data-widget_type=\"heading.default\">\n\t\t\t\t<div class=\"elementor-widget-container\">\n\t\t\t<h2 class=\"elementor-heading-title elementor-size-default\">Valores<\/h2>\t\t<\/div>\n\t\t\t\t<\/div>\n\t\t\t\t<div class=\"elementor-element elementor-element-851f359 elementor-widget elementor-widget-text-editor\" data-id=\"851f359\" data-element_type=\"widget\" data-widget_type=\"text-editor.default\">\n\t\t\t\t<div class=\"elementor-widget-container\">\n\t\t\t\t\t\t\t<p><strong>Solidaridad:<\/strong>\u00a0Comprometerse con los derechos y necesidades de las personas.<\/p><p><strong>Responsabilidad:<\/strong>\u00a0Afrontar consciente y voluntariamente de manera positiva nuestro actuar.<br \/>Reconocer y aceptar las consecuencias de nuestros actos y decisiones.<br \/>Atender en tiempo y forma los compromisos establecidos<\/p><p><strong>Igualdad:<\/strong>\u00a0Fomentar el trabajo justo e igualitario.<br \/>Atender las necesidades de la comunidad tomando en cuenta las diversas habilidades de las personas.<\/p><p><strong>Unidad:<\/strong>\u00a0Integrar la comunidad universitaria para fortalecer los logros educativos.<br \/>Aplicar acciones de servicio a la comunidad.<br \/>Compartir e integrar el conocimiento generando un ambiente inclusivo.<br \/>Reconocer las fortalezas interpersonales en beneficio de la sociedad.<\/p>\t\t\t\t\t\t<\/div>\n\t\t\t\t<\/div>\n\t\t\t\t\t<\/div>\n\t\t<\/div>\n\t\t\t\t\t\t\t<\/div>\n\t\t<\/section>\n\t\t\t\t\t\t<\/div>\n\t\t\t\t\t<\/div>\n\t\t","protected":false},"excerpt":{"rendered":"<p>Acerca de nosotros Universidad La Cima U-L\u00cdNEA es una Instituci\u00f3n de Educaci\u00f3n Superior de Nueva Generaci\u00f3n, fuertemente cimentada en las Tecnolog\u00edas de la Informaci\u00f3n, herramientas de Comunicaciones y las Teor\u00edas Educativas Constructivistas, que propicia un ambiente de aprendizaje innovador y personalizado. Con m\u00e1s de 30 a\u00f1os en el medio educativo llevamos a distintos estados un &hellip;<\/p>\n<p class=\"read-more\"> <a class=\"\" href=\"https:\/\/lacima.edu.mx\/?page_id=99\"> <span class=\"screen-reader-text\">Acerca de nosotros<\/span> Read More &raquo;<\/a><\/p>\n","protected":false},"author":1,"featured_media":0,"parent":0,"menu_order":0,"comment_status":"closed","ping_status":"closed","template":"","meta":{"om_disable_all_campaigns":false,"_monsterinsights_skip_tracking":false,"_monsterinsights_sitenote_active":false,"_monsterinsights_sitenote_note":"","_monsterinsights_sitenote_category":0,"site-sidebar-layout":"no-sidebar","site-content-layout":"page-builder","ast-main-header-display":"","ast-hfb-above-header-display":"","ast-hfb-below-header-display":"","ast-hfb-mobile-header-display":"","site-post-title":"disabled","ast-breadcrumbs-content":"","ast-featured-img":"disabled","footer-sml-layout":"","theme-transparent-header-meta":"","adv-header-id-meta":"","stick-header-meta":"","header-above-stick-meta":"","header-main-stick-meta":"","header-below-stick-meta":""},"_links":{"self":[{"href":"https:\/\/lacima.edu.mx\/index.php?rest_route=\/wp\/v2\/pages\/99"}],"collection":[{"href":"https:\/\/lacima.edu.mx\/index.php?rest_route=\/wp\/v2\/pages"}],"about":[{"href":"https:\/\/lacima.edu.mx\/index.php?rest_route=\/wp\/v2\/types\/page"}],"author":[{"embeddable":true,"href":"https:\/\/lacima.edu.mx\/index.php?rest_route=\/wp\/v2\/users\/1"}],"replies":[{"embeddable":true,"href":"https:\/\/lacima.edu.mx\/index.php?rest_route=%2Fwp%2Fv2%2Fcomments&post=99"}],"version-history":[{"count":20,"href":"https:\/\/lacima.edu.mx\/index.php?rest_route=\/wp\/v2\/pages\/99\/revisions"}],"predecessor-version":[{"id":524,"href":"https:\/\/lacima.edu.mx\/index.php?rest_route=\/wp\/v2\/pages\/99\/revisions\/524"}],"wp:attachment":[{"href":"https:\/\/lacima.edu.mx\/index.php?rest_route=%2Fwp%2Fv2%2Fmedia&parent=99"}],"curies":[{"name":"wp","href":"https:\/\/api.w.org\/{rel}","templated":true}]}}